{"id":677,"date":"2021-02-02T18:33:47","date_gmt":"2021-02-02T18:33:47","guid":{"rendered":"https:\/\/fesfs.com.br\/home\/?page_id=677"},"modified":"2021-02-02T19:38:52","modified_gmt":"2021-02-02T19:38:52","slug":"formularios","status":"publish","type":"page","link":"https:\/\/fesfs.com.br\/home\/?page_id=677","title":{"rendered":"Formul\u00e1rios"},"content":{"rendered":"<p><a href=\"https:\/\/fesfs.com.br\/home\/wp-content\/uploads\/2021\/02\/FICHA-DE-CADASTRO-DE-CLUBE.pdf\" target=\"_blank\" rel=\"noopener noreferrer\">FICHA DE CADASTRO DE CLUBE<\/a><\/p>\n<p><a href=\"https:\/\/fesfs.com.br\/home\/wp-content\/uploads\/2021\/02\/FICHA-DE-COMISS\u00c3O-T\u00c9CNICA.pdf\" target=\"_blank\" rel=\"noopener noreferrer\">FICHA DE COMISS\u00c3O T\u00c9CNICA<\/a><\/p>\n<p><a href=\"https:\/\/fesfs.com.br\/home\/wp-content\/uploads\/2021\/02\/FICHA-DE-INSCRI\u00c7\u00c3O-DE-ATLETA.pdf\" target=\"_blank\" rel=\"noopener noreferrer\">FICHA DE INSCRI\u00c7\u00c3O DE ATLETA<\/a><\/p>\n<p><a href=\"https:\/\/fesfs.com.br\/home\/wp-content\/uploads\/2021\/02\/FICHA-DE-PARTICIPA\u00c7\u00c3O-NO-CAMPEONATO-ESTADUAL.pdf\" target=\"_blank\" rel=\"noopener noreferrer\">FICHA DE PARTICIPA\u00c7\u00c3O NO CAMPEONATO ESTADUAL<\/a><\/p>\n<p><a href=\"https:\/\/fesfs.com.br\/home\/wp-content\/uploads\/2021\/02\/PEDIDO-DE-REVALIDACAO.pdf\" target=\"_blank\" rel=\"noopener noreferrer\">PEDIDO DE REVALIDA\u00c7\u00c3O<\/a><\/p>\n<p><a href=\"https:\/\/fesfs.com.br\/home\/wp-content\/uploads\/2021\/02\/PEDIDO-DE-TRANSFER\u00caNCIA-ESTADUAL.pdf\" target=\"_blank\" rel=\"noopener noreferrer\">PEDIDO DE TRANSFER\u00caNCIA ESTADUAL<\/a><\/p>\n<p><a href=\"https:\/\/fesfs.com.br\/home\/wp-content\/uploads\/2021\/02\/PEDIDO-DE-TRANSFER\u00caNCIAL-INTERESTADUAL.pdf\" target=\"_blank\" rel=\"noopener noreferrer\">PEDIDO DE TRANSFERENCIAL INTERESTADUAL<\/a><\/p>\n<p><a href=\"https:\/\/fesfs.com.br\/home\/wp-content\/uploads\/2021\/02\/SOLICITA\u00c7\u00c3O-DE-PARTICIPA\u00c7\u00c3O.pdf\" target=\"_blank\" rel=\"noopener noreferrer\">SOLICITA\u00c7\u00c3O DE PARTICIPA\u00c7\u00c3O<\/a><\/p>\n<p><a href=\"https:\/\/fesfs.com.br\/home\/wp-content\/uploads\/2021\/02\/SOLICITA\u00c7\u00c3O-DE-SEDIAMENTO.pdf\" target=\"_blank\" rel=\"noopener noreferrer\">SOLICITA\u00c7\u00c3O DE SEDIAMENTO<\/a><\/p>\n","protected":false},"excerpt":{"rendered":"<p>FICHA DE CADASTRO DE CLUBE FICHA DE COMISS\u00c3O T\u00c9CNICA FICHA DE INSCRI\u00c7\u00c3O DE ATLETA FICHA DE PARTICIPA\u00c7\u00c3O NO CAMPEONATO ESTADUAL PEDIDO DE REVALIDA\u00c7\u00c3O PEDIDO DE TRANSFER\u00caNCIA ESTADUAL PEDIDO DE TRANSFERENCIAL INTERESTADUAL SOLICITA\u00c7\u00c3O DE PARTICIPA\u00c7\u00c3O SOLICITA\u00c7\u00c3O DE SEDIAMENTO<\/p>\n","protected":false},"author":1,"featured_media":0,"parent":0,"menu_order":0,"comment_status":"closed","ping_status":"closed","template":"","meta":{"footnotes":""},"class_list":["post-677","page","type-page","status-publish","hentry"],"_links":{"self":[{"href":"https:\/\/fesfs.com.br\/home\/index.php?rest_route=\/wp\/v2\/pages\/677","targetHints":{"allow":["GET"]}}],"collection":[{"href":"https:\/\/fesfs.com.br\/home\/index.php?rest_route=\/wp\/v2\/pages"}],"about":[{"href":"https:\/\/fesfs.com.br\/home\/index.php?rest_route=\/wp\/v2\/types\/page"}],"author":[{"embeddable":true,"href":"https:\/\/fesfs.com.br\/home\/index.php?rest_route=\/wp\/v2\/users\/1"}],"replies":[{"embeddable":true,"href":"https:\/\/fesfs.com.br\/home\/index.php?rest_route=%2Fwp%2Fv2%2Fcomments&post=677"}],"version-history":[{"count":5,"href":"https:\/\/fesfs.com.br\/home\/index.php?rest_route=\/wp\/v2\/pages\/677\/revisions"}],"predecessor-version":[{"id":715,"href":"https:\/\/fesfs.com.br\/home\/index.php?rest_route=\/wp\/v2\/pages\/677\/revisions\/715"}],"wp:attachment":[{"href":"https:\/\/fesfs.com.br\/home\/index.php?rest_route=%2Fwp%2Fv2%2Fmedia&parent=677"}],"curies":[{"name":"wp","href":"https:\/\/api.w.org\/{rel}","templated":true}]}}