{"id":554,"date":"2020-11-15T21:39:39","date_gmt":"2020-11-15T21:39:39","guid":{"rendered":"https:\/\/fesfs.com.br\/home\/?page_id=554"},"modified":"2020-11-15T21:49:59","modified_gmt":"2020-11-15T21:49:59","slug":"filiacao","status":"publish","type":"page","link":"https:\/\/fesfs.com.br\/home\/?page_id=554","title":{"rendered":"FILIA\u00c7\u00c3O"},"content":{"rendered":"\t\t<div data-elementor-type=\"wp-page\" data-elementor-id=\"554\" class=\"elementor elementor-554\">\n\t\t\t\t\t\t<section class=\"elementor-section elementor-top-section elementor-element elementor-element-398e7b6 elementor-section-full_width elementor-section-height-default elementor-section-height-default\" data-id=\"398e7b6\" data-element_type=\"section\" data-settings=\"{&quot;background_background&quot;:&quot;classic&quot;}\">\n\t\t\t\t\t\t<div class=\"elementor-container elementor-column-gap-no\">\n\t\t\t\t\t<div class=\"elementor-column elementor-col-100 elementor-top-column elementor-element elementor-element-7be537f\" data-id=\"7be537f\" data-element_type=\"column\">\n\t\t\t<div class=\"elementor-widget-wrap elementor-element-populated\">\n\t\t\t\t\t\t<div class=\"elementor-element elementor-element-8049858 elementor-widget elementor-widget-heading\" data-id=\"8049858\" data-element_type=\"widget\" data-widget_type=\"heading.default\">\n\t\t\t\t<div class=\"elementor-widget-container\">\n\t\t\t\t\t<h2 class=\"elementor-heading-title elementor-size-default\">Filia\u00e7\u00e3o<\/h2>\t\t\t\t<\/div>\n\t\t\t\t<\/div>\n\t\t\t\t\t<\/div>\n\t\t<\/div>\n\t\t\t\t\t<\/div>\n\t\t<\/section>\n\t\t\t\t<section class=\"elementor-section elementor-top-section elementor-element elementor-element-59eb754 elementor-section-boxed elementor-section-height-default elementor-section-height-default\" data-id=\"59eb754\" data-element_type=\"section\">\n\t\t\t\t\t\t<div class=\"elementor-container elementor-column-gap-default\">\n\t\t\t\t\t<div class=\"elementor-column elementor-col-100 elementor-top-column elementor-element elementor-element-0df2e1a\" data-id=\"0df2e1a\" data-element_type=\"column\">\n\t\t\t<div class=\"elementor-widget-wrap elementor-element-populated\">\n\t\t\t\t\t\t<div class=\"elementor-element elementor-element-750d1f7 elementor-widget elementor-widget-spacer\" data-id=\"750d1f7\" data-element_type=\"widget\" data-widget_type=\"spacer.default\">\n\t\t\t\t<div class=\"elementor-widget-container\">\n\t\t\t\t\t\t\t<div class=\"elementor-spacer\">\n\t\t\t<div class=\"elementor-spacer-inner\"><\/div>\n\t\t<\/div>\n\t\t\t\t\t\t<\/div>\n\t\t\t\t<\/div>\n\t\t\t\t<div class=\"elementor-element elementor-element-fe90dd5 elementor-widget elementor-widget-heading\" data-id=\"fe90dd5\" data-element_type=\"widget\" data-widget_type=\"heading.default\">\n\t\t\t\t<div class=\"elementor-widget-container\">\n\t\t\t\t\t<h4 class=\"elementor-heading-title elementor-size-default\">Para requerer filia\u00e7\u00e3o junto \u00e0 FESFS, a entidade desportiva (liga, associa\u00e7\u00e3o, clube), dever\u00e1 apresentar a seguinte documenta\u00e7\u00e3o:<\/h4>\t\t\t\t<\/div>\n\t\t\t\t<\/div>\n\t\t\t\t<div class=\"elementor-element elementor-element-f5df5c0 elementor-widget elementor-widget-text-editor\" data-id=\"f5df5c0\" data-element_type=\"widget\" data-widget_type=\"text-editor.default\">\n\t\t\t\t<div class=\"elementor-widget-container\">\n\t\t\t\t\t\t\t\t\t<p>Apresentar c\u00f3pia do cart\u00e3o de CNPJ do clube ou institui\u00e7\u00e3o;<br \/>Apresenta c\u00f3pia do Estatuto do Clube ou Institui\u00e7\u00e3o;<br \/>Apresentar c\u00f3pia da Ultima Ata de elei\u00e7\u00e3o;<br \/>Apresentar c\u00f3pia da Ultima Ata de posse da nova Diretoria;<br \/>Apresentar ficha de cadastro de clubes dispon\u00edvel no site na \u00e1rea de Downloads;<br \/>Pagamento da taxa de filia\u00e7\u00e3o no valor de R$ 350,00 (trezentos e cinq\u00fcenta reais);<\/p>\t\t\t\t\t\t\t\t<\/div>\n\t\t\t\t<\/div>\n\t\t\t\t\t<\/div>\n\t\t<\/div>\n\t\t\t\t\t<\/div>\n\t\t<\/section>\n\t\t\t\t<section class=\"elementor-section elementor-top-section elementor-element elementor-element-c329f54 elementor-section-boxed elementor-section-height-default elementor-section-height-default\" data-id=\"c329f54\" data-element_type=\"section\">\n\t\t\t\t\t\t<div class=\"elementor-container elementor-column-gap-default\">\n\t\t\t\t\t<div class=\"elementor-column elementor-col-100 elementor-top-column elementor-element elementor-element-c81e093\" data-id=\"c81e093\" data-element_type=\"column\">\n\t\t\t<div class=\"elementor-widget-wrap elementor-element-populated\">\n\t\t\t\t\t\t<div class=\"elementor-element elementor-element-1126823 elementor-widget elementor-widget-heading\" data-id=\"1126823\" data-element_type=\"widget\" data-widget_type=\"heading.default\">\n\t\t\t\t<div class=\"elementor-widget-container\">\n\t\t\t\t\t<h4 class=\"elementor-heading-title elementor-size-default\">Despesas que teremos com a filia\u00e7\u00e3o durante os Campeonatos<\/h4>\t\t\t\t<\/div>\n\t\t\t\t<\/div>\n\t\t\t\t<div class=\"elementor-element elementor-element-fe169a4 elementor-widget elementor-widget-text-editor\" data-id=\"fe169a4\" data-element_type=\"widget\" data-widget_type=\"text-editor.default\">\n\t\t\t\t<div class=\"elementor-widget-container\">\n\t\t\t\t\t\t\t\t\t<p>Pagamento de taxa de inscri\u00e7\u00e3o de atletas (valores diferenciados conf. Categoria);<br \/>Pagamento de taxas de transfer\u00eancia p\/atletas que j\u00e1 foram filiados a FESFS;<br \/>Pagamento de taxa de inscri\u00e7\u00e3o no Campeonato (Quando a FESFS n\u00e3o tiver patroc\u00ednio);<br \/>Pagamento de Taxas de Arbitragem efetuadas na quadra de jogo ao Arbitro;<\/p>\t\t\t\t\t\t\t\t<\/div>\n\t\t\t\t<\/div>\n\t\t\t\t\t<\/div>\n\t\t<\/div>\n\t\t\t\t\t<\/div>\n\t\t<\/section>\n\t\t\t\t<section class=\"elementor-section elementor-top-section elementor-element elementor-element-b4b3b69 elementor-section-boxed elementor-section-height-default elementor-section-height-default\" data-id=\"b4b3b69\" data-element_type=\"section\">\n\t\t\t\t\t\t<div class=\"elementor-container elementor-column-gap-default\">\n\t\t\t\t\t<div class=\"elementor-column elementor-col-100 elementor-top-column elementor-element elementor-element-e20fb2a\" data-id=\"e20fb2a\" data-element_type=\"column\">\n\t\t\t<div class=\"elementor-widget-wrap elementor-element-populated\">\n\t\t\t\t\t\t<div class=\"elementor-element elementor-element-c900033 elementor-widget elementor-widget-heading\" data-id=\"c900033\" data-element_type=\"widget\" data-widget_type=\"heading.default\">\n\t\t\t\t<div class=\"elementor-widget-container\">\n\t\t\t\t\t<h4 class=\"elementor-heading-title elementor-size-default\">Quais as Vantagens de ser Filiado a FESFS:<\/h4>\t\t\t\t<\/div>\n\t\t\t\t<\/div>\n\t\t\t\t<div class=\"elementor-element elementor-element-00c4925 elementor-widget elementor-widget-text-editor\" data-id=\"00c4925\" data-element_type=\"widget\" data-widget_type=\"text-editor.default\">\n\t\t\t\t<div class=\"elementor-widget-container\">\n\t\t\t\t\t\t\t\t\t<p>Estar participando de todas as atividades promovidas pela FESFS;<br \/>Participar do Campeonato Estadual;<br \/>Ser reconhecido como Campe\u00e3o do Estado do Esp\u00edrito Santo;<br \/>Quando Campe\u00e3o, ter vaga garantida nos campeonatos Brasileiros promovidos pela CBFS (Confedera\u00e7\u00e3o Brasileira de Futsal);<\/p>\t\t\t\t\t\t\t\t<\/div>\n\t\t\t\t<\/div>\n\t\t\t\t\t<\/div>\n\t\t<\/div>\n\t\t\t\t\t<\/div>\n\t\t<\/section>\n\t\t\t\t<section class=\"elementor-section elementor-top-section elementor-element elementor-element-46af1dd elementor-section-boxed elementor-section-height-default elementor-section-height-default\" data-id=\"46af1dd\" data-element_type=\"section\">\n\t\t\t\t\t\t<div class=\"elementor-container elementor-column-gap-default\">\n\t\t\t\t\t<div class=\"elementor-column elementor-col-100 elementor-top-column elementor-element elementor-element-1f22bf0\" data-id=\"1f22bf0\" data-element_type=\"column\">\n\t\t\t<div class=\"elementor-widget-wrap elementor-element-populated\">\n\t\t\t\t\t\t<div class=\"elementor-element elementor-element-cc09e52 elementor-widget elementor-widget-heading\" data-id=\"cc09e52\" data-element_type=\"widget\" data-widget_type=\"heading.default\">\n\t\t\t\t<div class=\"elementor-widget-container\">\n\t\t\t\t\t<h4 class=\"elementor-heading-title elementor-size-default\">Venha filiar-se a Federa\u00e7\u00e3o que mais cresce no Estado do Esp\u00edrito Santo, bem como fazer parte do Esporte Genuinamente Brasileiro (FUTSAL) e 2\u00ba mais praticado no Brasil.<\/h4>\t\t\t\t<\/div>\n\t\t\t\t<\/div>\n\t\t\t\t<div class=\"elementor-element elementor-element-6f196d9 elementor-widget elementor-widget-spacer\" data-id=\"6f196d9\" data-element_type=\"widget\" data-widget_type=\"spacer.default\">\n\t\t\t\t<div class=\"elementor-widget-container\">\n\t\t\t\t\t\t\t<div class=\"elementor-spacer\">\n\t\t\t<div class=\"elementor-spacer-inner\"><\/div>\n\t\t<\/div>\n\t\t\t\t\t\t<\/div>\n\t\t\t\t<\/div>\n\t\t\t\t\t<\/div>\n\t\t<\/div>\n\t\t\t\t\t<\/div>\n\t\t<\/section>\n\t\t\t\t<\/div>\n\t\t","protected":false},"excerpt":{"rendered":"<p>Filia\u00e7\u00e3o Para requerer filia\u00e7\u00e3o junto \u00e0 FESFS, a entidade desportiva (liga, associa\u00e7\u00e3o, clube), dever\u00e1 apresentar a seguinte documenta\u00e7\u00e3o: Apresentar c\u00f3pia do cart\u00e3o de CNPJ do clube ou institui\u00e7\u00e3o;Apresenta c\u00f3pia do Estatuto do Clube ou Institui\u00e7\u00e3o;Apresentar c\u00f3pia da Ultima Ata de elei\u00e7\u00e3o;Apresentar c\u00f3pia da Ultima Ata de posse da nova Diretoria;Apresentar ficha de cadastro de clubes &hellip;<\/p>\n<p class=\"read-more\"> <a class=\"\" href=\"https:\/\/fesfs.com.br\/home\/?page_id=554\"> <span class=\"screen-reader-text\">FILIA\u00c7\u00c3O<\/span> Leia mais &raquo;<\/a><\/p>\n","protected":false},"author":1,"featured_media":0,"parent":0,"menu_order":0,"comment_status":"closed","ping_status":"closed","template":"elementor_header_footer","meta":{"footnotes":""},"class_list":["post-554","page","type-page","status-publish","hentry"],"_links":{"self":[{"href":"https:\/\/fesfs.com.br\/home\/index.php?rest_route=\/wp\/v2\/pages\/554","targetHints":{"allow":["GET"]}}],"collection":[{"href":"https:\/\/fesfs.com.br\/home\/index.php?rest_route=\/wp\/v2\/pages"}],"about":[{"href":"https:\/\/fesfs.com.br\/home\/index.php?rest_route=\/wp\/v2\/types\/page"}],"author":[{"embeddable":true,"href":"https:\/\/fesfs.com.br\/home\/index.php?rest_route=\/wp\/v2\/users\/1"}],"replies":[{"embeddable":true,"href":"https:\/\/fesfs.com.br\/home\/index.php?rest_route=%2Fwp%2Fv2%2Fcomments&post=554"}],"version-history":[{"count":3,"href":"https:\/\/fesfs.com.br\/home\/index.php?rest_route=\/wp\/v2\/pages\/554\/revisions"}],"predecessor-version":[{"id":566,"href":"https:\/\/fesfs.com.br\/home\/index.php?rest_route=\/wp\/v2\/pages\/554\/revisions\/566"}],"wp:attachment":[{"href":"https:\/\/fesfs.com.br\/home\/index.php?rest_route=%2Fwp%2Fv2%2Fmedia&parent=554"}],"curies":[{"name":"wp","href":"https:\/\/api.w.org\/{rel}","templated":true}]}}