{"id":105,"date":"2018-02-12T14:40:57","date_gmt":"2018-02-12T14:40:57","guid":{"rendered":"https:\/\/fesfs.com.br\/home\/?page_id=105"},"modified":"2026-01-15T20:44:58","modified_gmt":"2026-01-15T20:44:58","slug":"home","status":"publish","type":"page","link":"https:\/\/fesfs.com.br\/home\/","title":{"rendered":"HOME"},"content":{"rendered":"\t\t<div data-elementor-type=\"wp-page\" data-elementor-id=\"105\" class=\"elementor elementor-105\">\n\t\t\t\t\t\t<section class=\"elementor-section elementor-top-section elementor-element elementor-element-33e178f elementor-section-full_width elementor-section-height-min-height elementor-section-height-default elementor-section-items-middle\" data-id=\"33e178f\" data-element_type=\"section\" data-settings=\"{&quot;background_background&quot;:&quot;slideshow&quot;,&quot;background_slideshow_gallery&quot;:[{&quot;id&quot;:1790,&quot;url&quot;:&quot;https:\\\/\\\/fesfs.com.br\\\/home\\\/wp-content\\\/uploads\\\/2025\\\/07\\\/slides-1-1.png&quot;},{&quot;id&quot;:1791,&quot;url&quot;:&quot;https:\\\/\\\/fesfs.com.br\\\/home\\\/wp-content\\\/uploads\\\/2025\\\/07\\\/slides-2-1.png&quot;}],&quot;background_slideshow_loop&quot;:&quot;yes&quot;,&quot;background_slideshow_slide_duration&quot;:5000,&quot;background_slideshow_slide_transition&quot;:&quot;fade&quot;,&quot;background_slideshow_transition_duration&quot;:500}\">\n\t\t\t\t\t\t<div class=\"elementor-container elementor-column-gap-no\">\n\t\t\t\t\t<div class=\"elementor-column elementor-col-100 elementor-top-column elementor-element elementor-element-e691ef3\" data-id=\"e691ef3\" data-element_type=\"column\">\n\t\t\t<div class=\"elementor-widget-wrap elementor-element-populated\">\n\t\t\t\t\t\t<div class=\"elementor-element elementor-element-e7ad360 elementor-widget elementor-widget-image\" data-id=\"e7ad360\" data-element_type=\"widget\" data-widget_type=\"image.default\">\n\t\t\t\t<div class=\"elementor-widget-container\">\n\t\t\t\t\t\t\t\t\t\t\t\t\t\t\t\t<a href=\"http:\/\/fesfs.portal.placarsoft.com.br\" target=\"_blank\">\n\t\t\t\t\t\t\t<img fetchpriority=\"high\" decoding=\"async\" width=\"300\" height=\"300\" src=\"https:\/\/fesfs.com.br\/home\/wp-content\/uploads\/2025\/07\/TABELAS-E-COMPETICOES-1.png\" class=\"elementor-animation-pulse attachment-full size-full wp-image-1792\" alt=\"\" srcset=\"https:\/\/fesfs.com.br\/home\/wp-content\/uploads\/2025\/07\/TABELAS-E-COMPETICOES-1.png 300w, https:\/\/fesfs.com.br\/home\/wp-content\/uploads\/2025\/07\/TABELAS-E-COMPETICOES-1-150x150.png 150w\" sizes=\"(max-width: 300px) 100vw, 300px\" \/>\t\t\t\t\t\t\t\t<\/a>\n\t\t\t\t\t\t\t\t\t\t\t\t\t\t\t<\/div>\n\t\t\t\t<\/div>\n\t\t\t\t\t<\/div>\n\t\t<\/div>\n\t\t\t\t\t<\/div>\n\t\t<\/section>\n\t\t\t\t<section class=\"elementor-section elementor-top-section elementor-element elementor-element-c04449c elementor-section-boxed elementor-section-height-default elementor-section-height-default\" data-id=\"c04449c\" data-element_type=\"section\">\n\t\t\t\t\t\t<div class=\"elementor-container elementor-column-gap-no\">\n\t\t\t\t\t<div class=\"elementor-column elementor-col-100 elementor-top-column elementor-element elementor-element-4ac1958\" data-id=\"4ac1958\" data-element_type=\"column\">\n\t\t\t<div class=\"elementor-widget-wrap elementor-element-populated\">\n\t\t\t\t\t\t<div class=\"elementor-element elementor-element-2850054 elementor-arrows-position-inside elementor-widget elementor-widget-image-carousel\" data-id=\"2850054\" data-element_type=\"widget\" data-settings=\"{&quot;slides_to_show&quot;:&quot;7&quot;,&quot;slides_to_scroll&quot;:&quot;2&quot;,&quot;navigation&quot;:&quot;arrows&quot;,&quot;pause_on_hover&quot;:&quot;no&quot;,&quot;pause_on_interaction&quot;:&quot;no&quot;,&quot;autoplay_speed&quot;:3000,&quot;autoplay&quot;:&quot;yes&quot;,&quot;infinite&quot;:&quot;yes&quot;,&quot;speed&quot;:500}\" data-widget_type=\"image-carousel.default\">\n\t\t\t\t<div class=\"elementor-widget-container\">\n\t\t\t\t\t\t\t<div class=\"elementor-image-carousel-wrapper swiper\" role=\"region\" aria-roledescription=\"carousel\" aria-label=\"Carrossel de imagens\" dir=\"ltr\">\n\t\t\t<div class=\"elementor-image-carousel swiper-wrapper swiper-image-stretch\" aria-live=\"off\">\n\t\t\t\t\t\t\t\t<div class=\"swiper-slide\" role=\"group\" aria-roledescription=\"slide\" aria-label=\"1 de 3\"><figure class=\"swiper-slide-inner\"><img decoding=\"async\" class=\"swiper-slide-image\" src=\"https:\/\/fesfs.com.br\/home\/wp-content\/uploads\/2021\/01\/parceiros-2.png\" alt=\"parceiros (2)\" \/><\/figure><\/div><div class=\"swiper-slide\" role=\"group\" aria-roledescription=\"slide\" aria-label=\"2 de 3\"><figure class=\"swiper-slide-inner\"><img decoding=\"async\" class=\"swiper-slide-image\" src=\"https:\/\/fesfs.com.br\/home\/wp-content\/uploads\/2021\/01\/parceiros-3.png\" alt=\"parceiros (3)\" \/><\/figure><\/div><div class=\"swiper-slide\" role=\"group\" aria-roledescription=\"slide\" aria-label=\"3 de 3\"><figure class=\"swiper-slide-inner\"><img decoding=\"async\" class=\"swiper-slide-image\" src=\"https:\/\/fesfs.com.br\/home\/wp-content\/uploads\/2025\/07\/Design-sem-nome-2025-07-02T103447.004.png\" alt=\"Design sem nome - 2025-07-02T103447.004\" \/><\/figure><\/div>\t\t\t<\/div>\n\t\t\t\t\t\t\t\t\t\t\t\t<div class=\"elementor-swiper-button elementor-swiper-button-prev\" role=\"button\" tabindex=\"0\">\n\t\t\t\t\t\t<i aria-hidden=\"true\" class=\"eicon-chevron-left\"><\/i>\t\t\t\t\t<\/div>\n\t\t\t\t\t<div class=\"elementor-swiper-button elementor-swiper-button-next\" role=\"button\" tabindex=\"0\">\n\t\t\t\t\t\t<i aria-hidden=\"true\" class=\"eicon-chevron-right\"><\/i>\t\t\t\t\t<\/div>\n\t\t\t\t\n\t\t\t\t\t\t\t\t\t<\/div>\n\t\t\t\t\t\t<\/div>\n\t\t\t\t<\/div>\n\t\t\t\t\t<\/div>\n\t\t<\/div>\n\t\t\t\t\t<\/div>\n\t\t<\/section>\n\t\t\t\t<section class=\"elementor-section elementor-top-section elementor-element elementor-element-8210110 elementor-section-full_width elementor-section-height-default elementor-section-height-default\" data-id=\"8210110\" data-element_type=\"section\">\n\t\t\t\t\t\t<div class=\"elementor-container elementor-column-gap-no\">\n\t\t\t\t\t<div class=\"elementor-column elementor-col-100 elementor-top-column elementor-element elementor-element-0913c8c\" data-id=\"0913c8c\" data-element_type=\"column\">\n\t\t\t<div class=\"elementor-widget-wrap elementor-element-populated\">\n\t\t\t\t\t\t<div class=\"elementor-element elementor-element-26f545e elementor-widget-divider--separator-type-pattern elementor-widget-divider--view-line elementor-widget elementor-widget-divider\" data-id=\"26f545e\" data-element_type=\"widget\" data-widget_type=\"divider.default\">\n\t\t\t\t<div class=\"elementor-widget-container\">\n\t\t\t\t\t\t\t<div class=\"elementor-divider\" style=\"--divider-pattern-url: url(&quot;data:image\/svg+xml,%3Csvg xmlns=&#039;http:\/\/www.w3.org\/2000\/svg&#039; preserveAspectRatio=&#039;none&#039; overflow=&#039;visible&#039; height=&#039;100%&#039; viewBox=&#039;0 0 20 16&#039; fill=&#039;none&#039; stroke=&#039;black&#039; stroke-width=&#039;1&#039; stroke-linecap=&#039;square&#039; stroke-miterlimit=&#039;10&#039;%3E%3Cg transform=&#039;translate(-12.000000, 0)&#039;%3E%3Cpath d=&#039;M28,0L10,18&#039;\/%3E%3Cpath d=&#039;M18,0L0,18&#039;\/%3E%3Cpath d=&#039;M48,0L30,18&#039;\/%3E%3Cpath d=&#039;M38,0L20,18&#039;\/%3E%3C\/g%3E%3C\/svg%3E&quot;);\">\n\t\t\t<span class=\"elementor-divider-separator\">\n\t\t\t\t\t\t<\/span>\n\t\t<\/div>\n\t\t\t\t\t\t<\/div>\n\t\t\t\t<\/div>\n\t\t\t\t<div class=\"elementor-element elementor-element-d6accbd elementor-widget elementor-widget-heading\" data-id=\"d6accbd\" data-element_type=\"widget\" data-widget_type=\"heading.default\">\n\t\t\t\t<div class=\"elementor-widget-container\">\n\t\t\t\t\t<h2 class=\"elementor-heading-title elementor-size-default\">Not\u00edcias FESFS<\/h2>\t\t\t\t<\/div>\n\t\t\t\t<\/div>\n\t\t\t\t<div class=\"elementor-element elementor-element-062336d elementor-widget elementor-widget-shortcode\" data-id=\"062336d\" data-element_type=\"widget\" data-widget_type=\"shortcode.default\">\n\t\t\t\t<div class=\"elementor-widget-container\">\n\t\t\t\t\t\t\t<div class=\"elementor-shortcode\">      <div id=\"post-grid-lazy-614\" class=\"post-grid-lazy\"><img decoding=\"async\" alt=\"\" src=\"\" \/><\/div>\n    <script>\n      jQuery('#post-grid-lazy-614').ready(function($) {\n        $('#post-grid-lazy-614').fadeOut();\n        $('#post-grid-614   ').fadeIn();\n      })\n    <\/script>\n    <style type=\"text\/css\">\n      #post-grid-614 {\n        display: none;\n      }\n\n      .post-grid-lazy {\n        text-align: center;\n      }\n    <\/style>\n    <div data-options='{&quot;id&quot;:&quot;614&quot;,&quot;lazy_load&quot;:&quot;yes&quot;,&quot;masonry_enable&quot;:&quot;no&quot;,&quot;view_type&quot;:&quot;grid&quot;}' id=\"post-grid-614\" class=\"post-grid grid\">\n        <div class=\"grid-items\">\n      <div class=\"item item-1827 skin flat even 0 \">\n        <div class=\"layer-wrapper layout-\">\n        <div class=\"layer-media\"><a href=\"https:\/\/fesfs.com.br\/home\/?p=1827\"><img decoding=\"async\" src=\"https:\/\/fesfs.com.br\/home\/wp-content\/uploads\/2025\/07\/179-1024x576.png\" \/><\/a><\/div>\n  <div class=\"layer-content\">\n        <div\n        class=\"element element_0  element-media \">\n            <\/div>\n    <div class=\"element element_1  title_link \">\n                    <a target=\"\"\n                href=\"https:\/\/fesfs.com.br\/home\/?p=1827\">\u00c9 TRI-CAMPE\u00c3O<\/a>\n            <\/div>\n    <div class=\"element element_2  excerpt \">\n        Assim gritou h\u00e1 pouca a Sele\u00e7\u00e3o Colatinense de futsal Feminina, ap\u00f3s se consagrar campe\u00e3 da Copa Es de Sele\u00e7\u00f5es 2025,            <\/div>\n            <a class=\"element element_3  read_more \"\n            target=\"\"\n            href=\"https:\/\/fesfs.com.br\/home\/?p=1827\"><\/a>\n      <\/div>\n    <\/div>\n  <\/div><div class=\"item item-1824 skin flat odd 1 \">\n        <div class=\"layer-wrapper layout-\">\n        <div class=\"layer-media\"><a href=\"https:\/\/fesfs.com.br\/home\/?p=1824\"><img decoding=\"async\" src=\"https:\/\/fesfs.com.br\/home\/wp-content\/uploads\/2025\/07\/JOGOS-COPA-ES-14-819x1024.png\" \/><\/a><\/div>\n  <div class=\"layer-content\">\n        <div\n        class=\"element element_0  element-media \">\n            <\/div>\n    <div class=\"element element_1  title_link \">\n                    <a target=\"\"\n                href=\"https:\/\/fesfs.com.br\/home\/?p=1824\">\u00c9 DIA DE FINAL<\/a>\n            <\/div>\n    <div class=\"element element_2  excerpt \">\n        Neste domingo, 27 de julho, a Arena Jacara\u00edpe ser\u00e1 palco de um espet\u00e1culo imperd\u00edvel! Ap\u00f3s protagonizarem vit\u00f3rias hist\u00f3ricas nas semifinais            <\/div>\n            <a class=\"element element_3  read_more \"\n            target=\"\"\n            href=\"https:\/\/fesfs.com.br\/home\/?p=1824\"><\/a>\n      <\/div>\n    <\/div>\n  <\/div><div class=\"item item-1821 skin flat even 2 \">\n        <div class=\"layer-wrapper layout-\">\n        <div class=\"layer-media\"><a href=\"https:\/\/fesfs.com.br\/home\/?p=1821\"><img decoding=\"async\" src=\"https:\/\/fesfs.com.br\/home\/wp-content\/uploads\/2025\/07\/JOGOS-COPA-ES-13-819x1024.png\" \/><\/a><\/div>\n  <div class=\"layer-content\">\n        <div\n        class=\"element element_0  element-media \">\n            <\/div>\n    <div class=\"element element_1  title_link \">\n                    <a target=\"\"\n                href=\"https:\/\/fesfs.com.br\/home\/?p=1821\">\u00c9 DIA DE DECIS\u00c3O<\/a>\n            <\/div>\n    <div class=\"element element_2  excerpt \">\n        A grande final feminina da Copa ES de Sele\u00e7\u00f5es 2025 est\u00e1 marcada, e promete fortes emo\u00e7\u00f5es logo nas primeiras horas            <\/div>\n            <a class=\"element element_3  read_more \"\n            target=\"\"\n            href=\"https:\/\/fesfs.com.br\/home\/?p=1821\"><\/a>\n      <\/div>\n    <\/div>\n  <\/div>    <\/div>\n        <script>\n          <\/script>\n    <style type=\"text\/css\">\n    #post-grid-614 .element_0 {\n      display: block;font-size: 21px;line-height: normal;padding: 5px 10px;text-align: left; text-decoration: none;    }\n\n    #post-grid-614 .element_1 {\n      display: block;font-size: 21px;line-height: normal;padding: 5px 10px;text-align: left; text-decoration: none;    }\n\n    #post-grid-614 .element_2 {\n      display: block;font-size: 14px;padding: 5px 10px;text-align: left;    }\n\n    #post-grid-614 .element_3 {\n      display: block;font-size: 12px;font-weight: bold;padding: 0 10px;text-align: left;text-decoration: none;    }\n\n    #post-grid-614 .element_0:hover{}#post-grid-614 .element_1:hover{}#post-grid-614 .element_2:hover{}#post-grid-614 .element_3:hover{}  <\/style>\n  <style type=\"text\/css\">\n    #post-grid-614 {\n      padding: 10px;\n          }\n\n    #post-grid-614 .item {\n      padding: 0px;\n      background: #fff;\n          }\n\n    #post-grid-614 .item .layer-media {\n      height:auto;    }\n\n    @media only screen and (min-width: 0px) and (max-width: 767px) {\n      #post-grid-614 .grid-items {\n        text-align: center;\n              }\n\n      #post-grid-614 .item {\n        width: 90%;\n        margin: 10px;\n        display: inline-block;\n        vertical-align: top;\n        height:auto;      }\n    }\n\n    @media only screen and (min-width: 768px) and (max-width: 1023px) {\n      #post-grid-614 .grid-items {\n        text-align: center;\n              }\n\n      #post-grid-614 .item {\n        width: 280px;\n        margin: 10px;\n        display: inline-block;\n        vertical-align: top;\n        max-height:auto;      }\n    }\n\n    @media only screen and (min-width: 1024px) {\n      #post-grid-614 .grid-items {\n        text-align: center;\n              }\n\n      #post-grid-614 .item {\n        width: 280px;\n        display: inline-block;\n        margin: 10px;\n        vertical-align: top;\n        height:auto;      }\n    }\n\n      <\/style>\n  <\/div>\n<\/div>\n\t\t\t\t\t\t<\/div>\n\t\t\t\t<\/div>\n\t\t\t\t\t<\/div>\n\t\t<\/div>\n\t\t\t\t\t<\/div>\n\t\t<\/section>\n\t\t\t\t<section class=\"elementor-section elementor-top-section elementor-element elementor-element-5ba3fd4 elementor-section-full_width elementor-section-height-default elementor-section-height-default\" data-id=\"5ba3fd4\" data-element_type=\"section\">\n\t\t\t\t\t\t<div class=\"elementor-container elementor-column-gap-no\">\n\t\t\t\t\t<div class=\"elementor-column elementor-col-100 elementor-top-column elementor-element elementor-element-a09ced6\" data-id=\"a09ced6\" data-element_type=\"column\">\n\t\t\t<div class=\"elementor-widget-wrap elementor-element-populated\">\n\t\t\t\t\t\t<div class=\"elementor-element elementor-element-706bff1 elementor-widget-divider--separator-type-pattern elementor-widget-divider--view-line elementor-widget elementor-widget-divider\" data-id=\"706bff1\" data-element_type=\"widget\" data-widget_type=\"divider.default\">\n\t\t\t\t<div class=\"elementor-widget-container\">\n\t\t\t\t\t\t\t<div class=\"elementor-divider\" style=\"--divider-pattern-url: url(&quot;data:image\/svg+xml,%3Csvg xmlns=&#039;http:\/\/www.w3.org\/2000\/svg&#039; preserveAspectRatio=&#039;none&#039; overflow=&#039;visible&#039; height=&#039;100%&#039; viewBox=&#039;0 0 20 16&#039; fill=&#039;none&#039; stroke=&#039;black&#039; stroke-width=&#039;1&#039; stroke-linecap=&#039;square&#039; stroke-miterlimit=&#039;10&#039;%3E%3Cg transform=&#039;translate(-12.000000, 0)&#039;%3E%3Cpath d=&#039;M28,0L10,18&#039;\/%3E%3Cpath d=&#039;M18,0L0,18&#039;\/%3E%3Cpath d=&#039;M48,0L30,18&#039;\/%3E%3Cpath d=&#039;M38,0L20,18&#039;\/%3E%3C\/g%3E%3C\/svg%3E&quot;);\">\n\t\t\t<span class=\"elementor-divider-separator\">\n\t\t\t\t\t\t<\/span>\n\t\t<\/div>\n\t\t\t\t\t\t<\/div>\n\t\t\t\t<\/div>\n\t\t\t\t<div class=\"elementor-element elementor-element-fe38f05 elementor-widget elementor-widget-heading\" data-id=\"fe38f05\" data-element_type=\"widget\" data-widget_type=\"heading.default\">\n\t\t\t\t<div class=\"elementor-widget-container\">\n\t\t\t\t\t<h2 class=\"elementor-heading-title elementor-size-default\">Fustal no Brasil<\/h2>\t\t\t\t<\/div>\n\t\t\t\t<\/div>\n\t\t\t\t<div class=\"elementor-element elementor-element-674759d elementor-widget elementor-widget-shortcode\" data-id=\"674759d\" data-element_type=\"widget\" data-widget_type=\"shortcode.default\">\n\t\t\t\t<div class=\"elementor-widget-container\">\n\t\t\t\t\t\t\t<div class=\"elementor-shortcode\">      <div id=\"post-grid-lazy-940\" class=\"post-grid-lazy\"><img decoding=\"async\" alt=\"\" src=\"\" \/><\/div>\n    <script>\n      jQuery('#post-grid-lazy-940').ready(function($) {\n        $('#post-grid-lazy-940').fadeOut();\n        $('#post-grid-940   ').fadeIn();\n      })\n    <\/script>\n    <style type=\"text\/css\">\n      #post-grid-940 {\n        display: none;\n      }\n\n      .post-grid-lazy {\n        text-align: center;\n      }\n    <\/style>\n    <div data-options='{&quot;id&quot;:&quot;940&quot;,&quot;lazy_load&quot;:&quot;yes&quot;,&quot;masonry_enable&quot;:&quot;no&quot;,&quot;view_type&quot;:&quot;grid&quot;}' id=\"post-grid-940\" class=\"post-grid grid\">\n        <div class=\"grid-items\">\n      <div class=\"item item-1802 skin flat even 0 \">\n        <div class=\"layer-wrapper layout-\">\n        <div class=\"layer-media\"><a href=\"https:\/\/fesfs.com.br\/home\/?p=1802\"><img decoding=\"async\" alt=\"\" src=\"https:\/\/fesfs.com.br\/home\/wp-content\/uploads\/2025\/07\/41-1-819x1024.png\" \/><\/a><\/div>\n  <div class=\"layer-content\">\n        <div\n        class=\"element element_0  element-media \">\n        <a target=\"_self\" href=\"https:\/\/fesfs.com.br\/home\/?p=1802\"><img decoding=\"async\" width=\"819\" height=\"1024\" src=\"https:\/\/fesfs.com.br\/home\/wp-content\/uploads\/2025\/07\/41-1-819x1024.png\" class=\"attachment-large size-large wp-post-image\" alt=\"\" srcset=\"https:\/\/fesfs.com.br\/home\/wp-content\/uploads\/2025\/07\/41-1-819x1024.png 819w, https:\/\/fesfs.com.br\/home\/wp-content\/uploads\/2025\/07\/41-1-240x300.png 240w, https:\/\/fesfs.com.br\/home\/wp-content\/uploads\/2025\/07\/41-1-768x960.png 768w, https:\/\/fesfs.com.br\/home\/wp-content\/uploads\/2025\/07\/41-1.png 1080w\" sizes=\"(max-width: 819px) 100vw, 819px\" \/><\/a>    <\/div>\n    <div class=\"element element_1  title_link \">\n                    <a target=\"\"\n                href=\"https:\/\/fesfs.com.br\/home\/?p=1802\">\u00a0FESFS comemora 41 anos de trajet\u00f3ria marcada pelo compromisso com o desenvolvimento do futsal capixaba.<\/a>\n            <\/div>\n    <div class=\"element element_2  excerpt \">\n        Hoje a FESFS comemora 41 anos de trajet\u00f3ria marcada pelo compromisso com o desenvolvimento do futsal capixaba. Ao longo dessas            <\/div>\n            <a class=\"element element_3  read_more \"\n            target=\"\"\n            href=\"https:\/\/fesfs.com.br\/home\/?p=1802\"><\/a>\n      <\/div>\n    <\/div>\n  <\/div><div class=\"item item-1619 skin flat odd 1 \">\n        <div class=\"layer-wrapper layout-\">\n        <div class=\"layer-media\"><a href=\"https:\/\/fesfs.com.br\/home\/?p=1619\"><img decoding=\"async\" src=\"https:\/\/fesfs.com.br\/home\/wp-content\/uploads\/2024\/04\/IMG_3061-300x200.jpg\" \/><\/a><\/div>\n  <div class=\"layer-content\">\n        <div\n        class=\"element element_0  element-media \">\n            <\/div>\n    <div class=\"element element_1  title_link \">\n                    <a target=\"\"\n                href=\"https:\/\/fesfs.com.br\/home\/?p=1619\">Noite de Premia\u00e7\u00e3o FESFS<\/a>\n            <\/div>\n    <div class=\"element element_2  excerpt \">\n        Uma noite memor\u00e1vel para o Futsal capixaba! Estiveram conosco mais de 300 pessoas reunidas no teatro do SESI, onde premiamos            <\/div>\n            <a class=\"element element_3  read_more \"\n            target=\"\"\n            href=\"https:\/\/fesfs.com.br\/home\/?p=1619\"><\/a>\n      <\/div>\n    <\/div>\n  <\/div><div class=\"item item-1531 skin flat even 2 \">\n        <div class=\"layer-wrapper layout-\">\n        <div class=\"layer-media\"><a href=\"https:\/\/fesfs.com.br\/home\/?p=1531\"><img decoding=\"async\" src=\"https:\/\/fesfs.com.br\/home\/wp-content\/uploads\/2023\/08\/FESTIVAL-INDIGENA-DE-FUTSAL-1-300x300.png\" \/><\/a><\/div>\n  <div class=\"layer-content\">\n        <div\n        class=\"element element_0  element-media \">\n            <\/div>\n    <div class=\"element element_1  title_link \">\n                    <a target=\"\"\n                href=\"https:\/\/fesfs.com.br\/home\/?p=1531\">FESTIVAL IND\u00cdGENA DE FUTSAL<\/a>\n            <\/div>\n    <div class=\"element element_2  excerpt \">\n        &nbsp; Festival Ind\u00edgena de Futsal na Aldeia Tupinikim No dia 03 de setembro(domingo) a FESFS irar realizar o festival ind\u00edgena            <\/div>\n            <a class=\"element element_3  read_more \"\n            target=\"\"\n            href=\"https:\/\/fesfs.com.br\/home\/?p=1531\"><\/a>\n      <\/div>\n    <\/div>\n  <\/div>    <\/div>\n        <script>\n          <\/script>\n    <style type=\"text\/css\">\n    #post-grid-940 .element_0 {\n      display: block;font-size: 21px;line-height: normal;padding: 5px 10px;text-align: left; text-decoration: none;    }\n\n    #post-grid-940 .element_1 {\n      display: block;font-size: 21px;line-height: normal;padding: 5px 10px;text-align: left; text-decoration: none;    }\n\n    #post-grid-940 .element_2 {\n      display: block;font-size: 14px;padding: 5px 10px;text-align: left;    }\n\n    #post-grid-940 .element_3 {\n      display: block;font-size: 12px;font-weight: bold;padding: 0 10px;text-align: left;text-decoration: none;    }\n\n    #post-grid-940 .element_0:hover{}#post-grid-940 .element_1:hover{}#post-grid-940 .element_2:hover{}#post-grid-940 .element_3:hover{}  <\/style>\n  <style type=\"text\/css\">\n    #post-grid-940 {\n      padding: 10px;\n          }\n\n    #post-grid-940 .item {\n      padding: 0px;\n      background: #fff;\n          }\n\n    #post-grid-940 .item .layer-media {\n      height:auto;    }\n\n    @media only screen and (min-width: 0px) and (max-width: 767px) {\n      #post-grid-940 .grid-items {\n        text-align: center;\n              }\n\n      #post-grid-940 .item {\n        width: 90%;\n        margin: 10px;\n        display: inline-block;\n        vertical-align: top;\n        height:auto;      }\n    }\n\n    @media only screen and (min-width: 768px) and (max-width: 1023px) {\n      #post-grid-940 .grid-items {\n        text-align: center;\n              }\n\n      #post-grid-940 .item {\n        width: 280px;\n        margin: 10px;\n        display: inline-block;\n        vertical-align: top;\n        max-height:auto;      }\n    }\n\n    @media only screen and (min-width: 1024px) {\n      #post-grid-940 .grid-items {\n        text-align: center;\n              }\n\n      #post-grid-940 .item {\n        width: 280px;\n        display: inline-block;\n        margin: 10px;\n        vertical-align: top;\n        height:auto;      }\n    }\n\n      <\/style>\n  <\/div>\n<\/div>\n\t\t\t\t\t\t<\/div>\n\t\t\t\t<\/div>\n\t\t\t\t\t<\/div>\n\t\t<\/div>\n\t\t\t\t\t<\/div>\n\t\t<\/section>\n\t\t\t\t<\/div>\n\t\t","protected":false},"excerpt":{"rendered":"<p>Not\u00edcias FESFS Fustal no Brasil<\/p>\n","protected":false},"author":1,"featured_media":1591,"parent":0,"menu_order":0,"comment_status":"closed","ping_status":"closed","template":"","meta":{"footnotes":""},"class_list":["post-105","page","type-page","status-publish","has-post-thumbnail","hentry"],"_links":{"self":[{"href":"https:\/\/fesfs.com.br\/home\/index.php?rest_route=\/wp\/v2\/pages\/105","targetHints":{"allow":["GET"]}}],"collection":[{"href":"https:\/\/fesfs.com.br\/home\/index.php?rest_route=\/wp\/v2\/pages"}],"about":[{"href":"https:\/\/fesfs.com.br\/home\/index.php?rest_route=\/wp\/v2\/types\/page"}],"author":[{"embeddable":true,"href":"https:\/\/fesfs.com.br\/home\/index.php?rest_route=\/wp\/v2\/users\/1"}],"replies":[{"embeddable":true,"href":"https:\/\/fesfs.com.br\/home\/index.php?rest_route=%2Fwp%2Fv2%2Fcomments&post=105"}],"version-history":[{"count":66,"href":"https:\/\/fesfs.com.br\/home\/index.php?rest_route=\/wp\/v2\/pages\/105\/revisions"}],"predecessor-version":[{"id":1867,"href":"https:\/\/fesfs.com.br\/home\/index.php?rest_route=\/wp\/v2\/pages\/105\/revisions\/1867"}],"wp:featuredmedia":[{"embeddable":true,"href":"https:\/\/fesfs.com.br\/home\/index.php?rest_route=\/wp\/v2\/media\/1591"}],"wp:attachment":[{"href":"https:\/\/fesfs.com.br\/home\/index.php?rest_route=%2Fwp%2Fv2%2Fmedia&parent=105"}],"curies":[{"name":"wp","href":"https:\/\/api.w.org\/{rel}","templated":true}]}}